{"id":134,"date":"2016-03-10T10:53:44","date_gmt":"2016-03-10T09:53:44","guid":{"rendered":"http:\/\/www.kav-brandenburg.de\/?page_id=134"},"modified":"2024-01-05T10:19:16","modified_gmt":"2024-01-05T09:19:16","slug":"impressum","status":"publish","type":"page","link":"https:\/\/www.kav-brandenburg.de\/?page_id=134","title":{"rendered":"Impressum"},"content":{"rendered":"<div class=\"wpb-content-wrapper\"><p>[vc_row][vc_column][vc_column_text]Kommunaler Arbeitgeberverband Brandenburg e.V. (KAV Brandenburg)<\/p>\n<p>Stephensonstra\u00dfe 4a<\/p>\n<p>14482 Potsdam<\/p>\n<p>Telefon: 0331 &#8211; 74718-0<\/p>\n<p>Telefax: 0331 &#8211; 74718-30<\/p>\n<p>eMail: mail (at) kav-brandenburg.de<\/p>\n<p><span style=\"text-decoration: underline;\">Herausgeber<\/span><b>:<\/b><\/p>\n<p>KAV Brandenburg, vertreten durch Herrn Jens Schubert, Verbandsgesch\u00e4ftsf\u00fchrer, Stephensonstr. 4a, 14482 Potsdam<\/p>\n<p>Verantwortlicher im Sinne des Medienrechts:<\/p>\n<p>Jens Schubert, Verbandsgesch\u00e4ftsf\u00fchrer, Stephensonstr. 4a, 14482 Potsdam<\/p>\n<p>Der KAV Brandenburg ist eingetragen im Vereinsregister des Amtsgerichts Potsdam (VR 419)<\/p>\n<p><span style=\"text-decoration: underline;\">Vorstand:<\/span><\/p>\n<p>Roger Lewandowski, Rathenow, (Vorsitzender)<\/p>\n<p>Dirk Rieckers, Strausberg<\/p>\n<p>Frank Wruck, Eberswalde<\/p>\n<p>Jens Schubert, Potsdam<\/p>\n<p>Internet-Bedingungen:<\/p>\n<p>Das Internet arbeitet als dezentraler Netzwerkverbund mit der Zwischenspeicherung und Weitergabe tempor\u00e4rer Daten. Eine Gew\u00e4hr f\u00fcr den Ausschluss von Manipulation, von versehentlichem Verf\u00e4lschen und Gew\u00e4hr f\u00fcr die Verwendung nur aktueller Daten auf dem Verbindungsweg \u201eAnbieter-zu-Nutzer\u201c kann es zur Zeit daher nicht geben. Auf diese systembedingte Einschr\u00e4nkung weisen wir daher wie folgt hin:<\/p>\n<p>Sie erhalten diese Daten unter den Bedingungen des Internet. F\u00fcr die Richtigkeit der Angaben und die \u00dcbereinstimmung mit den Ursprungsdaten kann daher keine Gew\u00e4hr \u00fcbernommen werden.<\/p>\n<p>Der KAV Brandenburg ist bem\u00fcht, f\u00fcr die Richtigkeit und Aktualit\u00e4t aller auf ihrer Webseite enthaltenen Informationen und Daten zu sorgen. Eine Haftung oder Garantie f\u00fcr die Aktualit\u00e4t, Richtigkeit und Vollst\u00e4ndigkeit der zur Verf\u00fcgung gestellten Informationen und Daten ist jedoch ausgeschlossen. Der KAV Brandenburg beh\u00e4lt sich vor, ohne Ank\u00fcndigung \u00c4nderungen oder Erg\u00e4nzungen der bereitgestellten Informationen oder Daten vorzunehmen.<\/p>\n<p>Externe Links<\/p>\n<p>Mit Urteil vom 12. Mai 1998 hat das Landgericht Hamburg entschieden, dass man durch die Ausbringung eines Links die Inhalte der gelinkten Seite gegebenenfalls mit zu verantworten hat. Dies kann &#8211; so das Landgericht &#8211; nur dadurch verhindert werden, dass man sich ausdr\u00fccklich von diesen Inhalten distanziert.<\/p>\n<p>Der KAV Brandenburg hat auf diesen Seiten Links zu anderen Seiten im Internet gelegt.<\/p>\n<p>F\u00fcr diese Links gilt: Der KAV Brandenburg hat keinerlei Einfluss auf die Gestaltung und die Inhalte der gelinkten Seiten und distanziert sich hiermit ausdr\u00fccklich von allen Inhalten aller gelinkten Seiten auf dieser Homepage und macht sich ihre Inhalte nicht zu eigen.<\/p>\n<p>Diese Erkl\u00e4rung gilt f\u00fcr alle auf der Homepage angebrachten Links und f\u00fcr alle Inhalte der Seiten, zu denen die beim KAV Brandenburg gemeldeten Links f\u00fchren.<\/p>\n<p>Copyright\/Urheberrechte<\/p>\n<p>Die Internet-Pr\u00e4sentation des KAV Brandenburg ist urheberrechtlich gesch\u00fctzt. Das bezieht sich auf das Layout, die verwendeten Grafiken und Bilder sowie die einzelnen Textbeitr\u00e4ge.<\/p>\n<p>Die Vervielf\u00e4ltigung von Informationen oder Daten, insbesondere die Verwendung von Texten, Textteilen oder Bildmaterial bedarf der vorherigen Zustimmung des KAV Brandenburg.<\/p>\n<p>S\u00e4mtliche Informationen oder Daten, ihre Nutzung und die Anmeldung zur KAV-Webseite sowie s\u00e4mtliches mit der KAV-Webseite zusammenh\u00e4ngendes Tun, Dulden oder Unterlassen unterliegen ausschlie\u00dflich deutschen Recht.<\/p>\n<p>Erf\u00fcllungsort und ausschlie\u00dflicher Gerichtsstand ist Potsdam.[\/vc_column_text][\/vc_column][\/vc_row]<\/p>\n<\/div>","protected":false},"excerpt":{"rendered":"<p>[vc_row][vc_column][vc_column_text]Kommunaler Arbeitgeberverband Brandenburg e.V. (KAV Brandenburg) Stephensonstra\u00dfe 4a 14482 Potsdam Telefon: 0331 &#8211; 74718-0 Telefax: 0331 &#8211; 74718-30 eMail: mail (at) kav-brandenburg.de Herausgeber: KAV Brandenburg, vertreten durch Herrn Jens Schubert, Verbandsgesch\u00e4ftsf\u00fchrer, Stephensonstr. 4a, 14482 Potsdam Verantwortlicher im Sinne des Medienrechts: Jens Schubert, Verbandsgesch\u00e4ftsf\u00fchrer, Stephensonstr. 4a, 14482 Potsdam Der KAV Brandenburg ist eingetragen im Vereinsregister des&hellip;<\/p>\n","protected":false},"author":1,"featured_media":0,"parent":0,"menu_order":0,"comment_status":"closed","ping_status":"closed","template":"","meta":{"footnotes":""},"class_list":["post-134","page","type-page","status-publish","hentry","description-off"],"_links":{"self":[{"href":"https:\/\/www.kav-brandenburg.de\/index.php?rest_route=\/wp\/v2\/pages\/134","targetHints":{"allow":["GET"]}}],"collection":[{"href":"https:\/\/www.kav-brandenburg.de\/index.php?rest_route=\/wp\/v2\/pages"}],"about":[{"href":"https:\/\/www.kav-brandenburg.de\/index.php?rest_route=\/wp\/v2\/types\/page"}],"author":[{"embeddable":true,"href":"https:\/\/www.kav-brandenburg.de\/index.php?rest_route=\/wp\/v2\/users\/1"}],"replies":[{"embeddable":true,"href":"https:\/\/www.kav-brandenburg.de\/index.php?rest_route=%2Fwp%2Fv2%2Fcomments&post=134"}],"version-history":[{"count":3,"href":"https:\/\/www.kav-brandenburg.de\/index.php?rest_route=\/wp\/v2\/pages\/134\/revisions"}],"predecessor-version":[{"id":10648,"href":"https:\/\/www.kav-brandenburg.de\/index.php?rest_route=\/wp\/v2\/pages\/134\/revisions\/10648"}],"wp:attachment":[{"href":"https:\/\/www.kav-brandenburg.de\/index.php?rest_route=%2Fwp%2Fv2%2Fmedia&parent=134"}],"curies":[{"name":"wp","href":"https:\/\/api.w.org\/{rel}","templated":true}]}}