{"id":172,"date":"2016-03-10T15:21:51","date_gmt":"2016-03-10T14:21:51","guid":{"rendered":"http:\/\/www.kav-brandenburg.de\/?page_id=172"},"modified":"2025-12-09T11:26:21","modified_gmt":"2025-12-09T10:26:21","slug":"beitragsordnung-2015","status":"publish","type":"page","link":"https:\/\/www.kav-brandenburg.de\/?page_id=172","title":{"rendered":"Beitragsordnung 2026"},"content":{"rendered":"<div class=\"wpb-content-wrapper\"><p>[vc_row][vc_column][vc_column_text]<\/p>\n<h3>Beitragsordnung gem\u00e4\u00df \u00a7 7 Absatz 2 der Satzung des KAV Brandenburg<\/h3>\n<p>[\/vc_column_text][vc_column_text css=&#8220;&#8220;]<\/p>\n<p class=\"hyphenate\" lang=\"de\"><strong>\u00a7 1 Jahresbeitrag <\/strong><\/p>\n<p class=\"hyphenate\" lang=\"de\">Der j\u00e4hrliche Mitgliedsbeitrag f\u00fcr die Mitglieder des KAV Brandenburg setzt sich aus einem Grundbeitrag und einer Umlage zusammen.<\/p>\n<p><strong>\u00a7 2 Berechnungsgrundlage <\/strong><\/p>\n<p class=\"hyphenate\" lang=\"de\">Als Grundlage f\u00fcr die Berechnung des Mitgliedsbeitrages dient die Zahl der Besch\u00e4ftigten einschlie\u00dflich der nach dem Dritten Buch Sozialgesetzbuch (SGB III) Besch\u00e4ftigten und der Auszubildenden. Stichtag f\u00fcr die Ermittlung der Besch\u00e4ftigtenzahl ist der 31. Mai des dem Beitragsjahr vorhergehenden Jahres. Erfolgt der Beitritt nach dem 31. Mai, ist die Besch\u00e4ftigtenzahl zum Beitrittszeitpunkt zugrunde zu legen; gleiches gilt in F\u00e4llen des \u00a7 3 Abs. 3 der Satzung, die nach dem 31. Mai wirksam werden, auch wenn sich die Identit\u00e4t des Mitglieds hierdurch nicht \u00e4ndert*. Abweichend von Satz 3 werden beim Zusammenschluss oder der Eingliederung von Unternehmen und\/oder Verwaltungen, die ausnahmslos Mitglied des KAV sind, wenn dieser nach dem 31. Mai wirksam wird, die zuvor nach Satz 2 erhobenen Daten addiert. Sofern eine Mitgliedsk\u00f6rperschaft (z.B. Amt) ersatzlos aufgel\u00f6st wird, wird die nach Satz 2 ermittelte Besch\u00e4ftigtenzahl dem Rechtsnachfolger zugeschlagen.<\/p>\n<p class=\"hyphenate\" lang=\"de\"><strong>\u00a7 3 Grundbeitrag<\/strong><\/p>\n<p class=\"hyphenate\" lang=\"de\">Der j\u00e4hrlich zu entrichtende Grundbeitrag wird nach der Zahl der Besch\u00e4ftigten wie folgt gestaffelt:<\/p>\n<p class=\"hyphenate\" lang=\"de\">f\u00fcr Mitglieder der Verbandsgruppe:<\/p>\n<ul>\n<li>Verwaltung:\n<ul>\n<li>bis 500 Besch\u00e4ftigte <strong>1.200,00 \u20ac <\/strong><\/li>\n<li>bis 1.000 Besch\u00e4ftigte <strong>1.600,00 \u20ac<\/strong><\/li>\n<li>bis 2.000 Besch\u00e4ftigte <strong>1.900.00 \u20ac<\/strong><\/li>\n<li>\u00fcber 2.000 Besch\u00e4ftigte<strong> 2.400,00 \u20ac <\/strong><\/li>\n<\/ul>\n<\/li>\n<\/ul>\n<p class=\"hyphenate\" lang=\"de\">Mitglieder der Verbandsgruppen:<\/p>\n<ul>\n<li>Krankenh\u00e4user\/Pflegeeinrichtungen<\/li>\n<li>Nahverkehrsbetriebe<\/li>\n<li>Sparkassen<\/li>\n<li>Ver- und Entsorgungsbetriebe\n<ul>\n<li>bis 500 Besch\u00e4ftigte <strong>1.300,00 \u20ac<\/strong><\/li>\n<li>bis 1.000 Besch\u00e4ftigte <strong>1.700,00 \u20ac <\/strong><\/li>\n<li>bis 2.000 Besch\u00e4ftigte <strong>2.000,00 \u20ac <\/strong><\/li>\n<li>\u00fcber 2.000 Besch\u00e4ftigte <strong>2.500,00 \u20ac<\/strong><\/li>\n<\/ul>\n<\/li>\n<\/ul>\n<p class=\"hyphenate\" lang=\"de\">Der Grundbeitrag betr\u00e4gt <strong>500,- Euro f\u00fcr die amtsangeh\u00f6rige Gemeinde<\/strong>, die auf Leistungen des Verbandes gem\u00e4\u00df \u00a7 5 Buchst. d der Verbandssatzung schriftlich verzichtet, wenn das Amt, dem die Gemeinde angeh\u00f6rt, Mitglied im KAV Brandenburg ist und die Personalverwaltung f\u00fcr die Gemeinde f\u00fchrt.<\/p>\n<p><strong>\u00a7 4 Umlage<\/strong><\/p>\n<p>Die j\u00e4hrlich f\u00fcr jeden gem\u00e4\u00df \u00a7 1 erfassten Besch\u00e4ftigten zu entrichtende Umlage betr\u00e4gt 8,20 Euro. Erfolgt der Beitritt im laufenden Gesch\u00e4ftsjahr bis zum 30. Juni, ist die Umlage in voller H\u00f6he f\u00e4llig, bei einem Beitritt nach dem 30. Juni, wird die Umlage halbiert. Der Grundbeitrag ist in jedem Fall in voller H\u00f6he zu entrichten.<\/p>\n<p><strong>\u00a7 5 Aufnahmegeb\u00fchr<\/strong><\/p>\n<p>Im Beitrittszeitpunkt ist eine einmalige Aufnahmegeb\u00fchr in H\u00f6he von <strong>600,- Euro<\/strong> zu entrichten. F\u00fcr Mitglieder gem\u00e4\u00df \u00a7 3 Satz 2 betr\u00e4gt die Aufnahmegeb\u00fchr 300,- Euro. Eine Aufnahmegeb\u00fchr wird nicht erhoben, wenn das neue Mitglied aus einem oder mehreren Mitgliedern hervorgegangen ist, ohne dass ein Fall der Rechtsnachfolge gem. \u00a7 3 Abs. 3 Satzung vorliegt; die Entscheidung hier\u00fcber trifft das Pr\u00e4sidium.<\/p>\n<p><strong>\u00a7 6 OT-Mitglieder\/Gastmitglieder<\/strong><\/p>\n<p>Mitglieder ohne Tarifbindung (\u00a7 3a der Satzung) zahlen grunds\u00e4tzlich den gleichen Beitrag, wie ordentliche Mitglieder. Gastmitglieder (\u00a7 3b der Satzung), zahlen abweichend von Satz 1 einen j\u00e4hrlichen Festbeitrag in H\u00f6he von 700,00 Euro und eine einmalige Aufnahmegeb\u00fchr in H\u00f6he von 600,00 Euro.<\/p>\n<p><strong>\u00a7 7 Streitfragen<\/strong><\/p>\n<p>\u00dcber Streitfragen bei der Durchf\u00fchrung dieser Beitragsordnung entscheidet das Pr\u00e4sidium auf Antrag des betroffenen Mitgliedes oder des Verbandsgesch\u00e4ftsf\u00fchrers. Das Pr\u00e4sidium kann zur Auslegung Richtlinien erlassen.<\/p>\n<p><strong>\u00a7 8 Inkrafttreten<\/strong><\/p>\n<p>Diese Beitragsordnung tritt am 1. Januar 2026 in Kraft und l\u00f6st die bis dahin geltenden Festlegungen zur Beitragszahlung ab.<\/p>\n<p>Potsdam, den 5. Dezember 2025<\/p>\n<p style=\"padding-left: 30px;\"><em>*\u00a7 3 Abs. 3 Satzung: In F\u00e4llen der Umwandlung, Aufspaltung, Fusion oder vergleichbaren Ereignissen, die zur Ver\u00e4nderung der Identit\u00e4t des Mitglieds oder von Teilen desselben f\u00fchren, erstreckt sich eine Rechtsnachfolge auch auf die Nachfolge in der Mitgliedschaft beim Verband, wenn der Rechtsnachfolger nicht innerhalb von sechs Wochen ab dem Zeitpunkt des Ereignisses, das die Rechtsnachfolge bewirkt, widerspricht. Der Verband kann der Nachfolge in der Mitgliedschaft durch Pr\u00e4sidiumsbeschluss innerhalb von sechs Wochen ab Anzeige der Rechtsnachfolge widersprechen.<\/em><\/p>\n<p>&nbsp;<\/p>\n<p><strong>Die Beitragsordnung 2026 des KAV Brandenburg k\u00f6nnen Sie hier als <a href=\"https:\/\/www.kav-brandenburg.de\/wp-content\/uploads\/2025\/12\/BEITRAGSORDNUNG-2026.pdf\" target=\"_blank\" rel=\"noopener\">pdf.-Dokument downloaden<\/a><\/strong>[\/vc_column_text][\/vc_column][\/vc_row]<\/p>\n<\/div>","protected":false},"excerpt":{"rendered":"<p>[vc_row][vc_column][vc_column_text] Beitragsordnung gem\u00e4\u00df \u00a7 7 Absatz 2 der Satzung des KAV Brandenburg [\/vc_column_text][vc_column_text css=&#8220;&#8220;] \u00a7 1 Jahresbeitrag Der j\u00e4hrliche Mitgliedsbeitrag f\u00fcr die Mitglieder des KAV Brandenburg setzt sich aus einem Grundbeitrag und einer Umlage zusammen. \u00a7 2 Berechnungsgrundlage Als Grundlage f\u00fcr die Berechnung des Mitgliedsbeitrages dient die Zahl der Besch\u00e4ftigten einschlie\u00dflich der nach dem Dritten&hellip;<\/p>\n","protected":false},"author":1,"featured_media":0,"parent":163,"menu_order":0,"comment_status":"closed","ping_status":"closed","template":"","meta":{"footnotes":""},"class_list":["post-172","page","type-page","status-publish","hentry","description-off"],"_links":{"self":[{"href":"https:\/\/www.kav-brandenburg.de\/index.php?rest_route=\/wp\/v2\/pages\/172","targetHints":{"allow":["GET"]}}],"collection":[{"href":"https:\/\/www.kav-brandenburg.de\/index.php?rest_route=\/wp\/v2\/pages"}],"about":[{"href":"https:\/\/www.kav-brandenburg.de\/index.php?rest_route=\/wp\/v2\/types\/page"}],"author":[{"embeddable":true,"href":"https:\/\/www.kav-brandenburg.de\/index.php?rest_route=\/wp\/v2\/users\/1"}],"replies":[{"embeddable":true,"href":"https:\/\/www.kav-brandenburg.de\/index.php?rest_route=%2Fwp%2Fv2%2Fcomments&post=172"}],"version-history":[{"count":8,"href":"https:\/\/www.kav-brandenburg.de\/index.php?rest_route=\/wp\/v2\/pages\/172\/revisions"}],"predecessor-version":[{"id":11921,"href":"https:\/\/www.kav-brandenburg.de\/index.php?rest_route=\/wp\/v2\/pages\/172\/revisions\/11921"}],"up":[{"embeddable":true,"href":"https:\/\/www.kav-brandenburg.de\/index.php?rest_route=\/wp\/v2\/pages\/163"}],"wp:attachment":[{"href":"https:\/\/www.kav-brandenburg.de\/index.php?rest_route=%2Fwp%2Fv2%2Fmedia&parent=172"}],"curies":[{"name":"wp","href":"https:\/\/api.w.org\/{rel}","templated":true}]}}