{"id":176,"date":"2016-03-15T10:13:49","date_gmt":"2016-03-15T09:13:49","guid":{"rendered":"http:\/\/www.kav-brandenburg.de\/?page_id=176"},"modified":"2024-06-25T11:59:07","modified_gmt":"2024-06-25T09:59:07","slug":"prozessvertretungsrichtlinie-2","status":"publish","type":"page","link":"https:\/\/www.kav-brandenburg.de\/?page_id=176","title":{"rendered":"Prozessvertretungsrichtlinie"},"content":{"rendered":"<div class=\"wpb-content-wrapper\"><p>[vc_row][vc_column][vc_column_text]<\/p>\n<h3>Richtlinien \u00fcber Art und Umfang der den Mitgliedern des Kommunalen Arbeitgeberverbandes Brandenburg gem\u00e4\u00df \u00a7 5 Buchst. c) der Satzung zu gew\u00e4hrenden Hilfe bei Rechtsstreitigkeiten<\/h3>\n<p>[\/vc_column_text][vc_column_text]<\/p>\n<ol>\n<li>a) Bei Streitigkeiten aus Arbeitsverh\u00e4ltnissen haben die Mitglieder des Verbandes im rechtlich zul\u00e4ssigen Rahmen Anspruch auf Beratung und auf Prozessvertretung vor den Gerichten der Arbeitsgerichtsbarkeit der I. und II. Instanz durch den Verband. Dieser kann jedoch die Prozessvertretung ablehnen, wenn die Rechtsverfolgung oder -verteidigung nicht im Interesse der \u00fcberwiegenden Mehrheit der Verbandsmitglieder liegt, insbesondere, wenn sie keine hinreichende Aussicht auf Erfolg bietet oder wenn sie offensichtlich gegen bestehendes Arbeits- bzw. Tarifrecht gerichtet ist. Er kann die Vertretung niederlegen, wenn diese aufgrund unzureichender Zusammenarbeit des Mitgliedes oder eines gest\u00f6rten Vertrauensverh\u00e4ltnisses nicht gew\u00e4hrt werden kann.<\/li>\n<\/ol>\n<p style=\"padding-left: 30px;\">b) Der Verband kann die Prozessvertretung ferner ablehnen f\u00fcr Streitigkeiten, die zum Zeitpunkt der erstmaligen Beantragung der Mitgliedschaft zum Verband bereits rechtsh\u00e4ngig waren. Erkl\u00e4rt ein Mitglied gem. \u00a7 4 Abs. 2 der Verbandssatzung im Jahr des Beitritts zum KAV Brandenburg auch seinen Austritt aus dem Verband (Missbrauchsvermutung), so ist dieser berechtigt, f\u00fcr jede f\u00fcr dieses Mitglied im gleichen Jahr \u00fcbernommene Prozessvertretung einen Sonderbeitrag in H\u00f6he von 300 v.H. des jeweils geltenden Mindestmitgliedsbeitrages zu erheben. Dieser Sonderbeitrag wird am Tage der Beendigung der Mitgliedschaft f\u00e4llig.<\/p>\n<p style=\"padding-left: 30px;\">2. Die \u00dcbernahme und Durchf\u00fchrung der Prozessvertretung kann durch das Pr\u00e4sidium im Sinne des \u00a7 4 Abs. 3 der Satzung des KAV Brandenburg ausgesetzt werden, wenn ein Mitglied gegen die Pflichten aus \u00a7 6 Abs. 1 der Satzung verst\u00f6\u00dft und trotz Beanstandung die getroffenen Ma\u00dfnahmen nicht unverz\u00fcglich aufhebt.<\/p>\n<p style=\"padding-left: 30px;\">3. Beratungen sind kostenfrei. Besprechungen und Informationserteilung vor oder im Rahmen eines Prozesses sollen grunds\u00e4tzlich in der Gesch\u00e4ftsstelle des KAV Brandenburg erfolgen.<\/p>\n<p style=\"padding-left: 30px;\">4. In F\u00e4llen von grunds\u00e4tzlicher Bedeutung <sup>1<\/sup> f\u00fcr die Verbandsmitglieder \u00fcbernimmt der Verband die Kosten des Rechtsstreits bis zur vollen H\u00f6he der Verfahrenskosten. In diesem Fall ist der Verband auch dann berechtigt, den Rechtsstreit im Namen des Mitglieds auf Kosten des Verbandes weiterzuf\u00fchren, wenn dieses selbst kein Interesse an der Weiterf\u00fchrung hat. Die Vertretung ist in diesem Fall durch das Mitglied zu dulden und ggf. Vollmacht zu erteilen. Der Antrag auf Kosten\u00fcbernahme ist vor Erteilung des Prozessauftrages an den Verbandsgesch\u00e4ftsf\u00fchrer zu richten; \u00fcber ihn entscheidet der Verbandsgesch\u00e4ftsf\u00fchrer im Einvernehmen mit dem Verbandsvorsitzenden.<\/p>\n<p style=\"padding-left: 30px;\">5. In F\u00e4llen nach Ziffer 4, in denen die Revision oder die Sprungrevision bzw. die Rechtsbeschwerde oder die Sprungrechtsbeschwerde zugelassen wurde, vertritt der Verband seine Mitglieder nach Ma\u00dfgabe der Ziffern 1 bis 3 kostenfrei auch vor dem Bundesarbeitsgericht.<\/p>\n<p style=\"padding-left: 30px;\">6. S\u00e4mtliche Daten zur gerichtlichen und au\u00dfergerichtlichen Vertretung werden vom KAV Brandenburg elektronisch verarbeitet. N\u00e4here Informationen ergeben sich aus der <a href=\"http:\/\/www.kav-brandenburg.de\/?page_id=5610\" target=\"_blank\" rel=\"noopener\">Datenschutzinformation nach Art. 13 DSGVO.<\/a><\/p>\n<p class=\"hyphenate\" lang=\"de\">Potsdam, 29. Juni\u00a02018<\/p>\n<p class=\"hyphenate\" lang=\"de\">1 Von grunds\u00e4tzlicher Bedeutung sind Verfahren, wenn von ihrem Ausgang wesentliche Auswirkungen f\u00fcr das Tarif-, Arbeits- und Personalvertretungsrecht \u00fcber den Einzelfall hinaus zu erwarten sind.<\/p>\n<p>[\/vc_column_text][\/vc_column][\/vc_row][vc_row][vc_column][vc_column_text css=&#8220;&#8220;]<strong>Die Prozessvertretungsrichtlinie k\u00f6nnen Sie hier <a href=\"https:\/\/www.kav-brandenburg.de\/wp-content\/uploads\/2024\/06\/180618_PV-Richtlinie-fuer-PDF.pdf\" target=\"_blank\" rel=\"noopener\">als pdf-Datei downloaden<\/a><\/strong>[\/vc_column_text][\/vc_column][\/vc_row]<\/p>\n<\/div>","protected":false},"excerpt":{"rendered":"<p>[vc_row][vc_column][vc_column_text] Richtlinien \u00fcber Art und Umfang der den Mitgliedern des Kommunalen Arbeitgeberverbandes Brandenburg gem\u00e4\u00df \u00a7 5 Buchst. c) der Satzung zu gew\u00e4hrenden Hilfe bei Rechtsstreitigkeiten [\/vc_column_text][vc_column_text] a) Bei Streitigkeiten aus Arbeitsverh\u00e4ltnissen haben die Mitglieder des Verbandes im rechtlich zul\u00e4ssigen Rahmen Anspruch auf Beratung und auf Prozessvertretung vor den Gerichten der Arbeitsgerichtsbarkeit der I. und II.&hellip;<\/p>\n","protected":false},"author":1,"featured_media":0,"parent":0,"menu_order":0,"comment_status":"closed","ping_status":"closed","template":"","meta":{"footnotes":""},"class_list":["post-176","page","type-page","status-publish","hentry","description-off"],"_links":{"self":[{"href":"https:\/\/www.kav-brandenburg.de\/index.php?rest_route=\/wp\/v2\/pages\/176","targetHints":{"allow":["GET"]}}],"collection":[{"href":"https:\/\/www.kav-brandenburg.de\/index.php?rest_route=\/wp\/v2\/pages"}],"about":[{"href":"https:\/\/www.kav-brandenburg.de\/index.php?rest_route=\/wp\/v2\/types\/page"}],"author":[{"embeddable":true,"href":"https:\/\/www.kav-brandenburg.de\/index.php?rest_route=\/wp\/v2\/users\/1"}],"replies":[{"embeddable":true,"href":"https:\/\/www.kav-brandenburg.de\/index.php?rest_route=%2Fwp%2Fv2%2Fcomments&post=176"}],"version-history":[{"count":2,"href":"https:\/\/www.kav-brandenburg.de\/index.php?rest_route=\/wp\/v2\/pages\/176\/revisions"}],"predecessor-version":[{"id":10966,"href":"https:\/\/www.kav-brandenburg.de\/index.php?rest_route=\/wp\/v2\/pages\/176\/revisions\/10966"}],"wp:attachment":[{"href":"https:\/\/www.kav-brandenburg.de\/index.php?rest_route=%2Fwp%2Fv2%2Fmedia&parent=176"}],"curies":[{"name":"wp","href":"https:\/\/api.w.org\/{rel}","templated":true}]}}