{"id":387,"date":"2016-06-21T12:00:16","date_gmt":"2016-06-21T10:00:16","guid":{"rendered":"http:\/\/www.kav-brandenburg.de\/?page_id=387"},"modified":"2026-01-12T08:27:05","modified_gmt":"2026-01-12T07:27:05","slug":"ver-und-entsorgung-2","status":"publish","type":"page","link":"https:\/\/www.kav-brandenburg.de\/?page_id=387","title":{"rendered":"Ver- und Entsorgung"},"content":{"rendered":"<div class=\"wpb-content-wrapper\"><p>[vc_row][vc_column][vc_column_text css=&#8220;&#8220;]<\/p>\n<h1>Ver- und Entsorgung<\/h1>\n<p>&nbsp;<\/p>\n<table>\n<tbody>\n<tr>\n<td><b>Name<\/b><\/td>\n<td><b> Ort <\/b><\/td>\n<td><b>Mitgliedstyp<\/b><\/td>\n<\/tr>\n<tr>\n<td>Abfallentsorgungsverband Schwarze Elster<\/td>\n<td>Lauchhammer-Ost<\/td>\n<td>Vollmitglied<\/td>\n<\/tr>\n<tr>\n<td>Abfallwirtschaft Potsdam-Mittelmark GmbH (APM)<\/td>\n<td>Niemegk<\/td>\n<td>Vollmitglied<\/td>\n<\/tr>\n<tr>\n<td>Abwasseranlagen Spremberg GmbH<\/td>\n<td>Spremberg<\/td>\n<td>Vollmitglied<\/td>\n<\/tr>\n<tr>\n<td>Abwasserzweckverband Planetal<\/td>\n<td>Br\u00fcck<\/td>\n<td>Vollmitglied<\/td>\n<\/tr>\n<tr>\n<td>Aqua-Kommunal-Service GmbH (AKS)<\/td>\n<td>Frankfurt (Oder)<\/td>\n<td>Vollmitglied<\/td>\n<\/tr>\n<tr>\n<td>Dahme &#8211; Nuthe Wasser-, Abwasserbetriebsgesellschaft mbH (DNWAB)<\/td>\n<td>K\u00f6nigs Wusterhausen<\/td>\n<td>Vollmitglied<\/td>\n<\/tr>\n<tr>\n<td>Elektroenergieversorgung Cottbus (EVC) GmbH<\/td>\n<td>Cottbus<\/td>\n<td>Vollmitglied<\/td>\n<\/tr>\n<tr>\n<td>Gasversorgung Angerm\u00fcnde GmbH<\/td>\n<td>Angerm\u00fcnde<\/td>\n<td>Vollmitglied<\/td>\n<\/tr>\n<tr>\n<td>Gubener Wasser- und Abwasserzweckverband (GWAZ)<\/td>\n<td>Guben<\/td>\n<td>Vollmitglied<\/td>\n<\/tr>\n<tr>\n<td>HKW Heizkraftwerksgesellschaft\u00a0Cottbus mbH<\/td>\n<td>Cottbus<\/td>\n<td>Vollmitglied<\/td>\n<\/tr>\n<tr>\n<td>Herzberger Wasser- und Abwasserzweckverbad (HWAZ)<\/td>\n<td>Herzberg (Elster)<\/td>\n<td>Vollmitglied<\/td>\n<\/tr>\n<tr>\n<td>Kommunaler Abfallentsorgungsverband (KAEV) Niederlausitz<\/td>\n<td>L\u00fcbben (Spreewald)<\/td>\n<td>Vollmitglied<\/td>\n<\/tr>\n<tr>\n<td>M\u00e4rkischer Abwasser- und Wasserzweckverband (MAWV)<\/td>\n<td>K\u00f6nigs Wusterhausen<\/td>\n<td>Vollmitglied<\/td>\n<\/tr>\n<tr>\n<td>Mittelm\u00e4rkische Wasser- und Abwasser GmbH (MWA)<\/td>\n<td>Kleinmachnow<\/td>\n<td>Vollmitglied<\/td>\n<\/tr>\n<tr>\n<td>Niederbarnimer Wasser- und Abwasserzweckverband (NWA)<\/td>\n<td>Oranienburg\/OT Zehlendorf<\/td>\n<td>Vollmitglied<\/td>\n<\/tr>\n<tr>\n<td>Nuthe Wasser und Abwasser GmbH<\/td>\n<td>Luckenwalde<\/td>\n<td>Vollmitglied<\/td>\n<\/tr>\n<tr>\n<td>Osthavell\u00e4ndische Trinkwasserversorgung und Abwasserbehandlung GmbH<\/td>\n<td>Falkensee<\/td>\n<td>Vollmitglied<\/td>\n<\/tr>\n<tr>\n<td>Rathenower W\u00e4rmeversorgung GmbH<\/td>\n<td>Rathenow<\/td>\n<td>Vollmitglied<\/td>\n<\/tr>\n<tr>\n<td>Spremberger Wasser- und Abwasserzweckverband<\/td>\n<td>Spremberg<\/td>\n<td>Vollmitglied<\/td>\n<\/tr>\n<tr>\n<td>Stadt- und \u00dcberlandwerke L\u00fcbben GmbH<\/td>\n<td>L\u00fcbben (Spreewald)<\/td>\n<td>Vollmitglied<\/td>\n<\/tr>\n<tr>\n<td>Stadt- und \u00dcberlandwerke Luckau-L\u00fcbbenau GmbH (S\u00dcLL)<\/td>\n<td>Luckau<\/td>\n<td>Vollmitglied<\/td>\n<\/tr>\n<tr>\n<td>Stadtbeleuchtung Potsdam GmbH (SBP)<\/td>\n<td>Potsdam<\/td>\n<td>Vollmitglied<\/td>\n<\/tr>\n<tr>\n<td>Stadtentsorgung Potsdam GmbH (STEP)<\/td>\n<td>Potsdam<\/td>\n<td>Vollmitglied<\/td>\n<\/tr>\n<tr>\n<td>St\u00e4dtische Werke Angerm\u00fcnde GmbH<\/td>\n<td>Angerm\u00fcnde<\/td>\n<td>Vollmitglied<\/td>\n<\/tr>\n<tr>\n<td>St\u00e4dtische Werke GmbH Spremberg (Lausitz)<\/td>\n<td>Spremberg (Lausitz)<\/td>\n<td>Vollmitglied<\/td>\n<\/tr>\n<tr>\n<td>Stadtwerke Bad Belzig GmbH<\/td>\n<td>Bad Belzig<\/td>\n<td>Vollmitglied<\/td>\n<\/tr>\n<tr>\n<td>Stadtwerke Bernau GmbH<\/td>\n<td>Bernau bei Berlin<\/td>\n<td>Vollmitglied<\/td>\n<\/tr>\n<tr>\n<td>Stadtwerke Cottbus (SWC) GmbH<\/td>\n<td>Cottbus<\/td>\n<td>Vollmitglied<\/td>\n<\/tr>\n<tr>\n<td>Stadtwerke Finsterwalde GmbH<\/td>\n<td>Finsterwalde<\/td>\n<td>Mitglied oT<\/td>\n<\/tr>\n<tr>\n<td>Stadtwerke Forst GmbH<\/td>\n<td>Forst (Lausitz)<\/td>\n<td>Vollmitglied<\/td>\n<\/tr>\n<tr>\n<td>Stadtwerke Neuruppin GmbH<\/td>\n<td>Neuruppin<\/td>\n<td>Vollmitglied<\/td>\n<\/tr>\n<tr>\n<td>Stadtwerke Oranienburg GmbH<\/td>\n<td>Oranienburg<\/td>\n<td>Vollmitglied<\/td>\n<\/tr>\n<tr>\n<td>Stadtwerke Premnitz GmbH<\/td>\n<td>Premnitz<\/td>\n<td>Vollmitglied<\/td>\n<\/tr>\n<tr>\n<td>Stadtwerke Prenzlau GmbH<\/td>\n<td>Prenzlau<\/td>\n<td>Vollmitglied<\/td>\n<\/tr>\n<tr>\n<td>Stadtwerke Rheinsberg GmbH<\/td>\n<td>Rheinsberg<\/td>\n<td>Vollmitglied<\/td>\n<\/tr>\n<tr>\n<td>Stadtwerke Senftenberg GmbH<\/td>\n<td>Senftenberg<\/td>\n<td>Vollmitglied<\/td>\n<\/tr>\n<tr>\n<td>Stadtwerke Werneuchen GmbH<\/td>\n<td>Werneuchen<\/td>\n<td>Vollmitglied<\/td>\n<\/tr>\n<tr>\n<td>Stadtwerke Zehdenick GmbH<\/td>\n<td>Zehdenick<\/td>\n<td>Vollmitglied<\/td>\n<\/tr>\n<tr>\n<td>Stadtwirtschaft Eisenh\u00fcttenstadt GmbH<\/td>\n<td>Eisenh\u00fcttenstadt<\/td>\n<td>Vollmitglied<\/td>\n<\/tr>\n<tr>\n<td>S\u00fcdbrandenburgischer Abfallzweckverband (SBAZV)<\/td>\n<td>Ludwigsfelde<\/td>\n<td>Vollmitglied<\/td>\n<\/tr>\n<tr>\n<td>Technische Werke Eberswalde GmbH<\/td>\n<td>Eberswalde<\/td>\n<td>Vollmitglied<\/td>\n<\/tr>\n<tr>\n<td>Trink- &amp; Abwasserverband (TAV) Lindow-Gransee<\/td>\n<td>Gransee<\/td>\n<td>Vollmitglied<\/td>\n<\/tr>\n<tr>\n<td>Trink- und Abwasserverband Oderbruch-Barnim (TAVOB)<\/td>\n<td>Bad Freienwalde (Oder)<\/td>\n<td>Vollmitglied<\/td>\n<\/tr>\n<tr>\n<td>Trink- und Abwasserzweckverband Burg (Spreewald)<\/td>\n<td>Burg (Spreewald)<\/td>\n<td>Vollmitglied<\/td>\n<\/tr>\n<tr>\n<td>Trinkwasser- und Abwasserzweckverband Oderaue<\/td>\n<td>Eisenh\u00fcttenstadt<\/td>\n<td>Vollmitglied<\/td>\n<\/tr>\n<tr>\n<td>Uckerm\u00e4rkische Dienstleistungsgesellschaft mbH<\/td>\n<td>Prenzlau<\/td>\n<td>Vollmitglied<\/td>\n<\/tr>\n<tr>\n<td>Uckerservice Regionale Betriebsf\u00fchrungsgesellschaft f\u00fcr Wasserver- und Abwasserentsorgung mbH<\/td>\n<td>Prenzlau<\/td>\n<td>Vollmitglied<\/td>\n<\/tr>\n<tr>\n<td>Wasser- und Abwassergesellschaft Brandenburg an der Havel (BRAWAG)<\/td>\n<td>Brandenburg an der Havel<\/td>\n<td>Vollmitglied<\/td>\n<\/tr>\n<tr>\n<td>Wasser- und Abwasserverband Dosse<\/td>\n<td>Neustadt (Dosse)<\/td>\n<td>Vollmitglied<\/td>\n<\/tr>\n<tr>\n<td>Wasser- und Abwasserverband Havelland (WAH)<\/td>\n<td>Nauen<\/td>\n<td>Vollmitglied<\/td>\n<\/tr>\n<tr>\n<td>Wasser- und Abwasserverband Panke\/Finow<\/td>\n<td>Bernau bei Berlin<\/td>\n<td>Vollmitglied<\/td>\n<\/tr>\n<tr>\n<td>Wasser- und Abwasserverband Rathenow<\/td>\n<td>Rathenow<\/td>\n<td>Vollmitglied<\/td>\n<\/tr>\n<tr>\n<td>Wasser- und Abwasserverband Wittstock<\/td>\n<td>Wittstock<\/td>\n<td>Vollmitglied<\/td>\n<\/tr>\n<tr>\n<td>Wasser- und Abwasserverband Westniederlausitz<\/td>\n<td>Doberlug-Kirchhain<\/td>\n<td>Vollmitglied<\/td>\n<\/tr>\n<tr>\n<td>Wasser- und Abwasserzweckverband (WAZ) J\u00fcterbog-Fl\u00e4ming<\/td>\n<td>J\u00fcterbog<\/td>\n<td>Vollmitglied<\/td>\n<\/tr>\n<tr>\n<td>Wasser- und Abwasserzweckverband Beeskow und Umland<\/td>\n<td>Beeskow<\/td>\n<td>Vollmitglied<\/td>\n<\/tr>\n<tr>\n<td>Wasser- und Abwasserzweckverband Calau<\/td>\n<td>Calau<\/td>\n<td>Mitglied oT<\/td>\n<\/tr>\n<tr>\n<td>Wasser- und Abwasserzweckverband Hoher Fl\u00e4ming<\/td>\n<td>Br\u00fcck<\/td>\n<td>Vollmitglied<\/td>\n<\/tr>\n<tr>\n<td>Wasser- und Abwasserzweckverband Nieplitz<\/td>\n<td>Beelitz<\/td>\n<td>Vollmitglied<\/td>\n<\/tr>\n<tr>\n<td>Wasser- und Abwasserzweckverband Pritzwalk<\/td>\n<td>Pritzwalk<\/td>\n<td>Vollmitglied<\/td>\n<\/tr>\n<tr>\n<td>Wasser- und Abwasserzweckverband Scharm\u00fctzelsee &#8211; Storkow\/Mark (WAS)<\/td>\n<td>Storkow (Mark)<\/td>\n<td>Vollmitglied<\/td>\n<\/tr>\n<tr>\n<td>Wasser- und Abwasserzweckverband Seelow<\/td>\n<td>Seelow<\/td>\n<td>Vollmitglied<\/td>\n<\/tr>\n<tr>\n<td>Wasser- und Abwasserzweckverband Werder-Havelland<\/td>\n<td>Werder (Havel)<\/td>\n<td>Vollmitglied<\/td>\n<\/tr>\n<tr>\n<td>Wasserverband Lausitz (WAL)<\/td>\n<td>Senftenberg<\/td>\n<td>Vollmitglied<\/td>\n<\/tr>\n<tr>\n<td>Wasserverband Strausberg-Erkner (WSE)<\/td>\n<td>Strausberg<\/td>\n<td>Vollmitglied<\/td>\n<\/tr>\n<tr>\n<td>Westprignitzer Trinkwasser- und Abwasserzweckverband<\/td>\n<td>Perleberg<\/td>\n<td>Vollmitglied<\/td>\n<\/tr>\n<tr>\n<td>Zweckverband Abfallbehandlung Nuthe-Spree (ZAB)<\/td>\n<td>K\u00f6nigs Wusterhausen<\/td>\n<td>Vollmitglied<\/td>\n<\/tr>\n<tr>\n<td>Zweckverband Flie\u00dftal<\/td>\n<td>Birkenwerder<\/td>\n<td>Vollmitglied<\/td>\n<\/tr>\n<tr>\n<td>Zweckverband f\u00fcr Wasserversorgung und Abwasserentsorgung Eberswalde (zwa)<\/td>\n<td>Eberswalde<\/td>\n<td>Vollmitglied<\/td>\n<\/tr>\n<tr>\n<td>Zweckverband Komplexsanierung mittlerer S\u00fcden (KMS) Zossen<\/td>\n<td>Zossen\/OT W\u00fcnsdorf<\/td>\n<td>Vollmitglied<\/td>\n<\/tr>\n<tr>\n<td>Zweckverband Kremmen<\/td>\n<td>Kremmen<\/td>\n<td>Vollmitglied<\/td>\n<\/tr>\n<tr>\n<td>Zweckverband Ostuckerm\u00e4rkische Wasserversorgung und Abwasserbehandlung<\/td>\n<td>Schwedt\/Oder<\/td>\n<td>Vollmitglied<\/td>\n<\/tr>\n<tr>\n<td>Zweckverband Wasserver- und Abwasserentsorgung der Westuckermark<\/td>\n<td>Templin<\/td>\n<td>Vollmitglied<\/td>\n<\/tr>\n<tr>\n<td>Zweckverband Wasser\/Abwasser Fehrbellin- Temnitz<\/td>\n<td>Fehrbellin<\/td>\n<td>Vollmitglied<\/td>\n<\/tr>\n<tr>\n<td>Zweckverband Wasserversorgung und Abwasserentsorgung F\u00fcrstenwalde und Umland<\/td>\n<td>F\u00fcrstenwalde<\/td>\n<td>Vollmitglied<\/td>\n<\/tr>\n<\/tbody>\n<\/table>\n<p>[\/vc_column_text][\/vc_column][\/vc_row]<\/p>\n<\/div>","protected":false},"excerpt":{"rendered":"<p>[vc_row][vc_column][vc_column_text css=&#8220;&#8220;] Ver- und Entsorgung &nbsp; Name Ort Mitgliedstyp Abfallentsorgungsverband Schwarze Elster Lauchhammer-Ost Vollmitglied Abfallwirtschaft Potsdam-Mittelmark GmbH (APM) Niemegk Vollmitglied Abwasseranlagen Spremberg GmbH Spremberg Vollmitglied Abwasserzweckverband Planetal Br\u00fcck Vollmitglied Aqua-Kommunal-Service GmbH (AKS) Frankfurt (Oder) Vollmitglied Dahme &#8211; Nuthe Wasser-, Abwasserbetriebsgesellschaft mbH (DNWAB) K\u00f6nigs Wusterhausen Vollmitglied Elektroenergieversorgung Cottbus (EVC) GmbH Cottbus Vollmitglied Gasversorgung Angerm\u00fcnde GmbH Angerm\u00fcnde&hellip;<\/p>\n","protected":false},"author":1,"featured_media":0,"parent":0,"menu_order":0,"comment_status":"closed","ping_status":"closed","template":"","meta":{"footnotes":""},"class_list":["post-387","page","type-page","status-publish","hentry","description-off"],"_links":{"self":[{"href":"https:\/\/www.kav-brandenburg.de\/index.php?rest_route=\/wp\/v2\/pages\/387","targetHints":{"allow":["GET"]}}],"collection":[{"href":"https:\/\/www.kav-brandenburg.de\/index.php?rest_route=\/wp\/v2\/pages"}],"about":[{"href":"https:\/\/www.kav-brandenburg.de\/index.php?rest_route=\/wp\/v2\/types\/page"}],"author":[{"embeddable":true,"href":"https:\/\/www.kav-brandenburg.de\/index.php?rest_route=\/wp\/v2\/users\/1"}],"replies":[{"embeddable":true,"href":"https:\/\/www.kav-brandenburg.de\/index.php?rest_route=%2Fwp%2Fv2%2Fcomments&post=387"}],"version-history":[{"count":9,"href":"https:\/\/www.kav-brandenburg.de\/index.php?rest_route=\/wp\/v2\/pages\/387\/revisions"}],"predecessor-version":[{"id":11951,"href":"https:\/\/www.kav-brandenburg.de\/index.php?rest_route=\/wp\/v2\/pages\/387\/revisions\/11951"}],"wp:attachment":[{"href":"https:\/\/www.kav-brandenburg.de\/index.php?rest_route=%2Fwp%2Fv2%2Fmedia&parent=387"}],"curies":[{"name":"wp","href":"https:\/\/api.w.org\/{rel}","templated":true}]}}